{"id":2414,"date":"2025-05-23T07:53:08","date_gmt":"2025-05-23T07:53:08","guid":{"rendered":"https:\/\/eestielustiiliauhinnad.ee\/?page_id=2414"},"modified":"2026-03-12T11:16:49","modified_gmt":"2026-03-12T08:16:49","slug":"piletid","status":"publish","type":"page","link":"https:\/\/eestielustiiliauhinnad.ee\/en\/piletid\/","title":{"rendered":"TICKETS"},"content":{"rendered":"<div data-elementor-type=\"wp-page\" data-elementor-id=\"2414\" class=\"elementor elementor-2414\" data-elementor-post-type=\"page\">\n\t\t\t\t<div class=\"elementor-element elementor-element-c26064b e-flex e-con-boxed elementor-invisible e-con e-parent\" data-id=\"c26064b\" data-element_type=\"container\" data-settings=\"{&quot;animation&quot;:&quot;fadeIn&quot;}\">\n\t\t\t\t\t<div class=\"e-con-inner\">\n\t\t\t\t<div class=\"elementor-element elementor-element-9ebe72b elementor-widget elementor-widget-heading\" data-id=\"9ebe72b\" data-element_type=\"widget\" data-settings=\"{&quot;buzzblog_hidepaged&quot;:&quot;false&quot;}\" data-widget_type=\"heading.default\">\n\t\t\t\t<div class=\"elementor-widget-container\">\n\t\t\t\t\t<p class=\"elementor-heading-title elementor-size-default\">- Eesti Elustiili Auhinnad 2026 -<\/p>\t\t\t\t<\/div>\n\t\t\t\t<\/div>\n\t\t<div class=\"elementor-element elementor-element-e8ffed6 e-con-full e-flex e-con e-child\" data-id=\"e8ffed6\" data-element_type=\"container\">\n\t\t\t\t<div class=\"elementor-element elementor-element-04d148e elementor-widget elementor-widget-heading\" data-id=\"04d148e\" data-element_type=\"widget\" data-settings=\"{&quot;buzzblog_hidepaged&quot;:&quot;false&quot;}\" data-widget_type=\"heading.default\">\n\t\t\t\t<div class=\"elementor-widget-container\">\n\t\t\t\t\t<h2 class=\"elementor-heading-title elementor-size-default\">Gala Evening\n<\/h2>\t\t\t\t<\/div>\n\t\t\t\t<\/div>\n\t\t\t\t<div class=\"elementor-element elementor-element-4f6fe54 elementor-widget elementor-widget-heading\" data-id=\"4f6fe54\" data-element_type=\"widget\" data-settings=\"{&quot;buzzblog_hidepaged&quot;:&quot;false&quot;}\" data-widget_type=\"heading.default\">\n\t\t\t\t<div class=\"elementor-widget-container\">\n\t\t\t\t\t<h2 class=\"elementor-heading-title elementor-size-default\">tickets<\/h2>\t\t\t\t<\/div>\n\t\t\t\t<\/div>\n\t\t\t\t<\/div>\n\t\t\t\t\t<\/div>\n\t\t\t\t<\/div>\n\t\t<div class=\"elementor-element elementor-element-dc8acc4 e-flex e-con-boxed e-con e-parent\" data-id=\"dc8acc4\" data-element_type=\"container\">\n\t\t\t\t\t<div class=\"e-con-inner\">\n\t\t<div class=\"elementor-element elementor-element-6908540 e-con-full e-flex e-con e-child\" data-id=\"6908540\" data-element_type=\"container\">\n\t\t\t\t<div class=\"elementor-element elementor-element-103b954 animated-slow elementor-invisible elementor-widget elementor-widget-heading\" data-id=\"103b954\" data-element_type=\"widget\" data-settings=\"{&quot;_animation&quot;:&quot;fadeIn&quot;,&quot;buzzblog_hidepaged&quot;:&quot;false&quot;}\" data-widget_type=\"heading.default\">\n\t\t\t\t<div class=\"elementor-widget-container\">\n\t\t\t\t\t<h2 class=\"elementor-heading-title elementor-size-default\">See you at the Eesti Elustiili Auhinnad gala evening<\/h2>\t\t\t\t<\/div>\n\t\t\t\t<\/div>\n\t\t\t\t<div class=\"elementor-element elementor-element-7901b40 animated-slow elementor-invisible elementor-widget elementor-widget-text-editor\" data-id=\"7901b40\" data-element_type=\"widget\" data-settings=\"{&quot;_animation&quot;:&quot;fadeIn&quot;,&quot;buzzblog_hidepaged&quot;:&quot;false&quot;}\" data-widget_type=\"text-editor.default\">\n\t\t\t\t<div class=\"elementor-widget-container\">\n\t\t\t\t\t\t\t\t\t<p>A ceremonial evening at the Estonia Concert Hall, where outstanding figures from across Estonia, recognized by the public, receive their awards.<\/p>\t\t\t\t\t\t\t\t<\/div>\n\t\t\t\t<\/div>\n\t\t\t\t<div class=\"elementor-element elementor-element-f3f0e11 elementor-widget elementor-widget-spacer\" data-id=\"f3f0e11\" data-element_type=\"widget\" data-settings=\"{&quot;buzzblog_hidepaged&quot;:&quot;false&quot;}\" data-widget_type=\"spacer.default\">\n\t\t\t\t<div class=\"elementor-widget-container\">\n\t\t\t\t\t\t\t<div class=\"elementor-spacer\">\n\t\t\t<div class=\"elementor-spacer-inner\"><\/div>\n\t\t<\/div>\n\t\t\t\t\t\t<\/div>\n\t\t\t\t<\/div>\n\t\t\t\t<div class=\"elementor-element elementor-element-c75a4f5 content-align-cta-center animated-slow elementor-invisible elementor-widget elementor-widget-buzzblog-cta-box\" data-id=\"c75a4f5\" data-element_type=\"widget\" data-settings=\"{&quot;_animation&quot;:&quot;fadeInUp&quot;,&quot;buzzblog_hidepaged&quot;:&quot;false&quot;}\" data-widget_type=\"buzzblog-cta-box.default\">\n\t\t\t\t<div class=\"elementor-widget-container\">\n\t\t\t\t\t\t\t<div class=\"buzzblog-call-to-action bg-lite\">\n\t\t\t <div class=\"icon\">\n\t\t\t\t\t\t\t\t\t\t\t\t<i class=\"\"><\/i>\n\t\t\t\t\t\t\t\t    <\/div>\n        <h2 class=\"title\"><\/h2><div><\/div><a href=\"https:\/\/fienta.com\/et\/eesti-elustiili-auhindade-gala-2026\" target=\"_blank\"  class=\"cta-button\">OSTA GALAPILET<\/a>\t<\/div>\n\t\t\t\t\t\t\t\t<\/div>\n\t\t\t\t<\/div>\n\t\t\t\t<div class=\"elementor-element elementor-element-506abba animated-slow elementor-invisible elementor-widget elementor-widget-text-editor\" data-id=\"506abba\" data-element_type=\"widget\" data-settings=\"{&quot;_animation&quot;:&quot;fadeIn&quot;,&quot;_animation_delay&quot;:500,&quot;buzzblog_hidepaged&quot;:&quot;false&quot;}\" data-widget_type=\"text-editor.default\">\n\t\t\t\t<div class=\"elementor-widget-container\">\n\t\t\t\t\t\t\t\t\t<p>Ticket purchase by invoice: please contact us at info@eestielustiiliauhinnad.ee<\/p>\t\t\t\t\t\t\t\t<\/div>\n\t\t\t\t<\/div>\n\t\t\t\t<\/div>\n\t\t\t\t\t<\/div>\n\t\t\t\t<\/div>\n\t\t\t\t<\/div>","protected":false},"excerpt":{"rendered":"<p>&#8211; Eesti Elustiili Auhinnad 2026 &#8211; Gala\u00f5htu piletid Kohtume Eesti Elustiili Auhindade gala\u00f5htul Pidulik \u00f5htu Estonia kontserdisaalis, kus rahva poolt esile t\u00f5stetud tegijad \u00fcle Eesti saavad oma tunnustuse. OSTA GALAPILET&#8230;<\/p>","protected":false},"author":1,"featured_media":0,"parent":0,"menu_order":0,"comment_status":"closed","ping_status":"closed","template":"","meta":{"footnotes":""},"categories":[],"tags":[],"class_list":["post-2414","page","type-page","status-publish","hentry"],"_links":{"self":[{"href":"https:\/\/eestielustiiliauhinnad.ee\/en\/wp-json\/wp\/v2\/pages\/2414","targetHints":{"allow":["GET"]}}],"collection":[{"href":"https:\/\/eestielustiiliauhinnad.ee\/en\/wp-json\/wp\/v2\/pages"}],"about":[{"href":"https:\/\/eestielustiiliauhinnad.ee\/en\/wp-json\/wp\/v2\/types\/page"}],"author":[{"embeddable":true,"href":"https:\/\/eestielustiiliauhinnad.ee\/en\/wp-json\/wp\/v2\/users\/1"}],"replies":[{"embeddable":true,"href":"https:\/\/eestielustiiliauhinnad.ee\/en\/wp-json\/wp\/v2\/comments?post=2414"}],"version-history":[{"count":31,"href":"https:\/\/eestielustiiliauhinnad.ee\/en\/wp-json\/wp\/v2\/pages\/2414\/revisions"}],"predecessor-version":[{"id":3538,"href":"https:\/\/eestielustiiliauhinnad.ee\/en\/wp-json\/wp\/v2\/pages\/2414\/revisions\/3538"}],"wp:attachment":[{"href":"https:\/\/eestielustiiliauhinnad.ee\/en\/wp-json\/wp\/v2\/media?parent=2414"}],"wp:term":[{"taxonomy":"category","embeddable":true,"href":"https:\/\/eestielustiiliauhinnad.ee\/en\/wp-json\/wp\/v2\/categories?post=2414"},{"taxonomy":"post_tag","embeddable":true,"href":"https:\/\/eestielustiiliauhinnad.ee\/en\/wp-json\/wp\/v2\/tags?post=2414"}],"curies":[{"name":"wp","href":"https:\/\/api.w.org\/{rel}","templated":true}]}}